{"id":23,"date":"2014-06-25T23:52:39","date_gmt":"2014-06-25T22:52:39","guid":{"rendered":"http:\/\/www.bkl974.re\/kase\/?page_id=23"},"modified":"2014-12-21T11:25:34","modified_gmt":"2014-12-21T10:25:34","slug":"le-projet","status":"publish","type":"page","link":"https:\/\/unemaisonsuruneile.re\/?page_id=23","title":{"rendered":"Le Projet"},"content":{"rendered":"<p style=\"text-align: justify;\"><span style=\"font-family: 'trebuchet ms', geneva; font-size: 10pt;\"><strong><em>Une grosse r\u00e9novation<br \/>\n<\/em><\/strong><em>L&rsquo;id\u00e9e du projet est de remettre au gout du jour ma maison d&rsquo;enfance. Nous sommes \u00e0 l&rsquo;\u00eele de la R\u00e9union \u00e0 1 100 m\u00e8tres d&rsquo;altitude dans un village relativement retir\u00e9 de la chaleur et des villes!<br \/>\nC&rsquo;est une maison qui date du d\u00e9but du si\u00e8cle dernier sur un terrain de 4000m\u00b2, avec la\u00a0partie principale en b\u00e9ton coul\u00e9 et ses larges murs. Le temps n&rsquo;a pas eu r\u00e9ellement d&#8217;emprise sur cette partie mise \u00e0 part les peintures. C&rsquo;est la partie comme dans le temps qui accueillera les chambres, salle de bain et bureau&#8230; Il faut essentiellement\u00a0<span style=\"line-height: 20px;\">rafra\u00eechir<\/span>\u00a0et r\u00e9am\u00e9nager&#8230;<\/em><\/span><\/p>\n<p style=\"text-align: justify;\"><span style=\"font-family: 'trebuchet ms', geneva; font-size: 10pt;\"><em>Globalement, la maison forme un \u00ab\u00a0L\u00a0\u00bb, l&rsquo;autre partie est en bois sous\u00a0<span style=\"line-height: 20px;\">t\u00f4le pour ce qui concerne la salle \u00e0 manger et la cuisine en b\u00e9ton coul\u00e9! <\/span><br \/>\n<span style=\"line-height: 20px;\">La maison ayant v\u00e9cu tous les cyclones des derni\u00e8res\u00a0g\u00e9n\u00e9rations, si la partie en dur n&rsquo;a pas boug\u00e9, le bois sous t\u00f4le a\u00a0extr\u00eamement\u00a0souffert et n&rsquo;est plus habitable en l&rsquo;\u00e9tat! Un morceau \u00e0 m\u00eame disparu derni\u00e8rement!<\/span><br \/>\n<span style=\"line-height: 20px;\">Il va falloir raser et\u00a0reprendre\u00a0de z\u00e9ro, \u00a0\u00e0 peu de chose pr\u00e8s aux m\u00eames dimensions, mise \u00e0 part une petite extension. La salle \u00e0 manger retrouvera sa place et se verra accompagn\u00e9e du salon qui \u00e9tait dans l&rsquo;autre partie en dur \u00e0 l&rsquo;origine et d&rsquo;un petit s\u00e9jour.\u00a0<\/span><\/em><\/span><\/p>\n<p style=\"text-align: justify;\"><span style=\"font-family: 'trebuchet ms', geneva; font-size: 10pt;\"><span style=\"line-height: 20px;\">Aujourd&rsquo;hui l&rsquo;ensemble ressemble \u00e0 \u00e7a:<\/span><\/span><br \/>\n<span style=\"font-family: 'trebuchet ms', geneva; font-size: 10pt;\"> <a style=\"font-family: 'trebuchet ms', geneva; font-size: small; line-height: 20px;\" href=\"http:\/\/www.bkl974.re\/kase\/wp-content\/uploads\/2014\/06\/P1040415.jpg\"><img loading=\"lazy\" decoding=\"async\" class=\"alignnone size-full wp-image-44\" src=\"http:\/\/www.bkl974.re\/kase\/wp-content\/uploads\/2014\/06\/P1040415.jpg\" alt=\"P1040415\" width=\"1600\" height=\"821\" srcset=\"https:\/\/unemaisonsuruneile.re\/wp-content\/uploads\/2014\/06\/P1040415.jpg 1600w, https:\/\/unemaisonsuruneile.re\/wp-content\/uploads\/2014\/06\/P1040415-300x154.jpg 300w, https:\/\/unemaisonsuruneile.re\/wp-content\/uploads\/2014\/06\/P1040415-1024x525.jpg 1024w, https:\/\/unemaisonsuruneile.re\/wp-content\/uploads\/2014\/06\/P1040415-107x55.jpg 107w\" sizes=\"auto, (max-width: 1600px) 100vw, 1600px\" \/><br \/>\n<\/a><em><span style=\"line-height: 20px;\">Il y a de quoi faire=)<\/span><\/em><\/span><br \/>\n<span style=\"font-family: 'trebuchet ms', geneva; font-size: 10pt;\"> <em> <span style=\"line-height: 20px;\">Sur l&rsquo;image en face la partie en dur qui r\u00e9clame surtout un coup de peinture et \u00e0 droite la partie en bois sous t\u00f4le qui attend elle sa remise \u00e0 Z\u00e9ro!<\/span><\/em><\/span><br \/>\n<span style=\"font-family: 'trebuchet ms', geneva; font-size: 10pt;\"> <em> <span style=\"line-height: 20px;\">Le projet finale pour l&rsquo;habitation principale devrait ressembler \u00e0 ceci:<\/span><\/em><\/span><br \/>\n<span style=\"font-family: 'trebuchet ms', geneva; font-size: 10pt;\"> <em><a style=\"font-family: 'trebuchet ms', geneva; font-size: small; line-height: 20px;\" href=\"http:\/\/www.bkl974.re\/kase\/wp-content\/uploads\/2014\/06\/ensemble1.jpg\"><img loading=\"lazy\" decoding=\"async\" class=\"alignnone size-full wp-image-46\" src=\"http:\/\/www.bkl974.re\/kase\/wp-content\/uploads\/2014\/06\/ensemble1.jpg\" alt=\"ensemble1\" width=\"1596\" height=\"782\" srcset=\"https:\/\/unemaisonsuruneile.re\/wp-content\/uploads\/2014\/06\/ensemble1.jpg 1596w, https:\/\/unemaisonsuruneile.re\/wp-content\/uploads\/2014\/06\/ensemble1-300x147.jpg 300w, https:\/\/unemaisonsuruneile.re\/wp-content\/uploads\/2014\/06\/ensemble1-1024x502.jpg 1024w, https:\/\/unemaisonsuruneile.re\/wp-content\/uploads\/2014\/06\/ensemble1-112x55.jpg 112w\" sizes=\"auto, (max-width: 1596px) 100vw, 1596px\" \/><\/a><a style=\"font-family: 'trebuchet ms', geneva; font-size: small; line-height: 20px;\" href=\"http:\/\/www.bkl974.re\/kase\/wp-content\/uploads\/2014\/06\/ensemble1.jpg\"><br \/>\n<\/a><span style=\"line-height: 20px;\">C&rsquo;est donc sur la partie droite que l&rsquo;on constate beaucoup de changement!<\/span><\/em><\/span><br \/>\n<span style=\"font-family: 'trebuchet ms', geneva; font-size: 10pt;\"> <em> <span style=\"line-height: 20px;\">On distingue aussi \u00e0 l&rsquo;arri\u00e8re un endroit pour nos motos ainsi que le\u00a0toit de l&rsquo;atelier qui est d\u00e9j\u00e0 en construction.<\/span><\/em><\/span><\/p>\n<p style=\"text-align: justify;\"><span style=\"font-family: 'trebuchet ms', geneva; font-size: 10pt;\"><em><span style=\"line-height: 20px;\">A terme on r\u00e9fl\u00e9chi \u00e0 une maison d&rsquo;h\u00f4te avec d\u00e9pendances dans l&rsquo;id\u00e9ale deux, on y viendra le moment venu. Pour le moment il faut rendre tout cela habitable!<\/span><\/em><\/span><br \/>\n<span style=\"font-family: 'trebuchet ms', geneva; font-size: 10pt;\"> <em><span style=\"line-height: 20px;\"> A noter que les travaux seront tous fait par nos propres moyens (moi et ma femme et des amis \u00e0 l&rsquo;occasion), pas d&rsquo;entrepreneur ou autre qui vous co\u00fbte un bras et vous\u00a0b\u00e2cle le boulot!<br \/>\nOn est toujours mieux servi par soi m\u00eame! Et puis ce que l&rsquo;on peut faire n&rsquo;est pas \u00e0 faire par un autre m\u00eame si \u00e7a prend plus de temps\u00a0 \ud83d\ude09<br \/>\nVous pourrez vivre toutes les \u00e9tapes sur le site le top d\u00e9part est donn\u00e9&#8230;.<\/span><\/em><\/span><\/p>\n<p style=\"text-align: justify;\"><span style=\"font-family: 'trebuchet ms', geneva; font-size: 10pt;\">\u00a0<\/span><\/p>\n","protected":false},"excerpt":{"rendered":"<p>Une grosse r\u00e9novation L&rsquo;id\u00e9e du projet est de remettre au gout du jour ma maison d&rsquo;enfance. Nous sommes \u00e0 l&rsquo;\u00eele de la R\u00e9union \u00e0 1 100 m\u00e8tres d&rsquo;altitude dans un village relativement retir\u00e9 de la chaleur et des villes! C&rsquo;est\u2026<\/p>\n<p> <a class=\"continue-reading-link\" href=\"https:\/\/unemaisonsuruneile.re\/?page_id=23\"><span>Continuer la lecture&#8230;<\/span><i class=\"crycon-right-dir\"><\/i><\/a> <\/p>\n","protected":false},"author":1,"featured_media":0,"parent":0,"menu_order":0,"comment_status":"open","ping_status":"open","template":"","meta":{"_monsterinsights_skip_tracking":false,"_monsterinsights_sitenote_active":false,"_monsterinsights_sitenote_note":"","_monsterinsights_sitenote_category":0,"footnotes":""},"class_list":["post-23","page","type-page","status-publish","hentry"],"_links":{"self":[{"href":"https:\/\/unemaisonsuruneile.re\/index.php?rest_route=\/wp\/v2\/pages\/23","targetHints":{"allow":["GET"]}}],"collection":[{"href":"https:\/\/unemaisonsuruneile.re\/index.php?rest_route=\/wp\/v2\/pages"}],"about":[{"href":"https:\/\/unemaisonsuruneile.re\/index.php?rest_route=\/wp\/v2\/types\/page"}],"author":[{"embeddable":true,"href":"https:\/\/unemaisonsuruneile.re\/index.php?rest_route=\/wp\/v2\/users\/1"}],"replies":[{"embeddable":true,"href":"https:\/\/unemaisonsuruneile.re\/index.php?rest_route=%2Fwp%2Fv2%2Fcomments&post=23"}],"version-history":[{"count":6,"href":"https:\/\/unemaisonsuruneile.re\/index.php?rest_route=\/wp\/v2\/pages\/23\/revisions"}],"predecessor-version":[{"id":50,"href":"https:\/\/unemaisonsuruneile.re\/index.php?rest_route=\/wp\/v2\/pages\/23\/revisions\/50"}],"wp:attachment":[{"href":"https:\/\/unemaisonsuruneile.re\/index.php?rest_route=%2Fwp%2Fv2%2Fmedia&parent=23"}],"curies":[{"name":"wp","href":"https:\/\/api.w.org\/{rel}","templated":true}]}}